{"id":6070,"date":"2026-02-13T11:27:39","date_gmt":"2026-02-13T09:27:39","guid":{"rendered":"https:\/\/athensmed.fi\/data-file-description-and-data-protection-statement\/"},"modified":"2026-02-13T14:42:24","modified_gmt":"2026-02-13T12:42:24","slug":"data-file-description-and-data-protection-statement","status":"publish","type":"page","link":"https:\/\/athensmed.fi\/en\/data-file-description-and-data-protection-statement\/","title":{"rendered":"Register and privacy statement"},"content":{"rendered":"\t\t<div data-elementor-type=\"wp-page\" data-elementor-id=\"6070\" class=\"elementor elementor-6070 elementor-850\" data-elementor-post-type=\"page\">\n\t\t\t\t\t\t<section class=\"elementor-section elementor-top-section elementor-element elementor-element-c56d8e4 elementor-section-boxed elementor-section-height-default elementor-section-height-default\" data-id=\"c56d8e4\" data-element_type=\"section\" data-e-type=\"section\">\n\t\t\t\t\t\t<div class=\"elementor-container elementor-column-gap-default\">\n\t\t\t\t\t<div class=\"elementor-column elementor-col-100 elementor-top-column elementor-element elementor-element-41288ff\" data-id=\"41288ff\" data-element_type=\"column\" data-e-type=\"column\">\n\t\t\t<div class=\"elementor-widget-wrap elementor-element-populated\">\n\t\t\t\t\t\t<div class=\"elementor-element elementor-element-283c895 elementor-widget elementor-widget-heading\" data-id=\"283c895\" data-element_type=\"widget\" data-e-type=\"widget\" data-widget_type=\"heading.default\">\n\t\t\t\t<div class=\"elementor-widget-container\">\n\t\t\t\t\t<h1 class=\"elementor-heading-title elementor-size-default\">Register and privacy statement<\/h1>\t\t\t\t<\/div>\n\t\t\t\t<\/div>\n\t\t\t\t<div class=\"elementor-element elementor-element-863ab62 elementor-widget elementor-widget-text-editor\" data-id=\"863ab62\" data-element_type=\"widget\" data-e-type=\"widget\" data-widget_type=\"text-editor.default\">\n\t\t\t\t<div class=\"elementor-widget-container\">\n\t\t\t\t\t\t\t\t\t<p>This is Athensmed Oy\u2019s data file description and data protection statement in accordance with the EU\u2019s General Data Protection Regulation (GDPR). This statement was written on May 6, 2021. The most recent amendments were made on May 6, 2021.<\/p>\n\t\t\t\t\t\t\t\t<\/div>\n\t\t\t\t<\/div>\n\t\t\t\t<div class=\"elementor-element elementor-element-bcf0de1 elementor-widget elementor-widget-heading\" data-id=\"bcf0de1\" data-element_type=\"widget\" data-e-type=\"widget\" data-widget_type=\"heading.default\">\n\t\t\t\t<div class=\"elementor-widget-container\">\n\t\t\t\t\t<h3 class=\"elementor-heading-title elementor-size-default\">1. Controller<\/h3>\t\t\t\t<\/div>\n\t\t\t\t<\/div>\n\t\t\t\t<div class=\"elementor-element elementor-element-cfc9e33 elementor-widget elementor-widget-text-editor\" data-id=\"cfc9e33\" data-element_type=\"widget\" data-e-type=\"widget\" data-widget_type=\"text-editor.default\">\n\t\t\t\t<div class=\"elementor-widget-container\">\n\t\t\t\t\t\t\t\t\t<p>Athensmed Oy<\/p>\n<p>T\u00f6\u00f6l\u00f6nkatu 7 A 4,<\/p>\n<p>00100 Helsinki<\/p>\n<p>Business ID 2602802-8<\/p>\n<p><a href=\"mailto:kustaa.piha@athensmed.fi\">kustaa.piha@athensmed.fi<\/a><\/p>\n\t\t\t\t\t\t\t\t<\/div>\n\t\t\t\t<\/div>\n\t\t\t\t<div class=\"elementor-element elementor-element-e88413a elementor-widget elementor-widget-heading\" data-id=\"e88413a\" data-element_type=\"widget\" data-e-type=\"widget\" data-widget_type=\"heading.default\">\n\t\t\t\t<div class=\"elementor-widget-container\">\n\t\t\t\t\t<h3 class=\"elementor-heading-title elementor-size-default\">2. Contact information for matters pertaining to the data file<\/h3>\t\t\t\t<\/div>\n\t\t\t\t<\/div>\n\t\t\t\t<div class=\"elementor-element elementor-element-ef69103 elementor-widget elementor-widget-text-editor\" data-id=\"ef69103\" data-element_type=\"widget\" data-e-type=\"widget\" data-widget_type=\"text-editor.default\">\n\t\t\t\t<div class=\"elementor-widget-container\">\n\t\t\t\t\t\t\t\t\t<p>Contact us by e-mail at <a href=\"mailto:kustaa.piha@athensmed.fi\">kustaa.piha@athensmed.fi<\/a> or by phone on +358 50 359 6835 if you have any questions or feedback regarding the data file.<\/p>\n\t\t\t\t\t\t\t\t<\/div>\n\t\t\t\t<\/div>\n\t\t\t\t<div class=\"elementor-element elementor-element-ca71ce4 elementor-widget elementor-widget-heading\" data-id=\"ca71ce4\" data-element_type=\"widget\" data-e-type=\"widget\" data-widget_type=\"heading.default\">\n\t\t\t\t<div class=\"elementor-widget-container\">\n\t\t\t\t\t<h3 class=\"elementor-heading-title elementor-size-default\">3. Name of the data file<\/h3>\t\t\t\t<\/div>\n\t\t\t\t<\/div>\n\t\t\t\t<div class=\"elementor-element elementor-element-e42a1f7 elementor-widget elementor-widget-text-editor\" data-id=\"e42a1f7\" data-element_type=\"widget\" data-e-type=\"widget\" data-widget_type=\"text-editor.default\">\n\t\t\t\t<div class=\"elementor-widget-container\">\n\t\t\t\t\t\t\t\t\t<p>Athensmed customer and marketing register<\/p>\n\t\t\t\t\t\t\t\t<\/div>\n\t\t\t\t<\/div>\n\t\t\t\t<div class=\"elementor-element elementor-element-e205d3c elementor-widget elementor-widget-heading\" data-id=\"e205d3c\" data-element_type=\"widget\" data-e-type=\"widget\" data-widget_type=\"heading.default\">\n\t\t\t\t<div class=\"elementor-widget-container\">\n\t\t\t\t\t<h3 class=\"elementor-heading-title elementor-size-default\">4. Purpose of processing personal data<\/h3>\t\t\t\t<\/div>\n\t\t\t\t<\/div>\n\t\t\t\t<div class=\"elementor-element elementor-element-95daaae elementor-widget elementor-widget-text-editor\" data-id=\"95daaae\" data-element_type=\"widget\" data-e-type=\"widget\" data-widget_type=\"text-editor.default\">\n\t\t\t\t<div class=\"elementor-widget-container\">\n\t\t\t\t\t\t\t\t\t<p>The purpose of the data file is to maintain Athensmed\u2019s customer and marketing register as well as manage and process correspondence and funding applications. The data can be used for operational development, statistical purposes and marketing purposes. The data will not be used for automated decision-making or profiling.<\/p>\n\t\t\t\t\t\t\t\t<\/div>\n\t\t\t\t<\/div>\n\t\t\t\t<div class=\"elementor-element elementor-element-a06683b elementor-widget elementor-widget-heading\" data-id=\"a06683b\" data-element_type=\"widget\" data-e-type=\"widget\" data-widget_type=\"heading.default\">\n\t\t\t\t<div class=\"elementor-widget-container\">\n\t\t\t\t\t<h3 class=\"elementor-heading-title elementor-size-default\">5. Data file content\n<\/h3>\t\t\t\t<\/div>\n\t\t\t\t<\/div>\n\t\t\t\t<div class=\"elementor-element elementor-element-977ac24 elementor-widget elementor-widget-text-editor\" data-id=\"977ac24\" data-element_type=\"widget\" data-e-type=\"widget\" data-widget_type=\"text-editor.default\">\n\t\t\t\t<div class=\"elementor-widget-container\">\n\t\t\t\t\t\t\t\t\t<p>The data file may include the following data on customers: name, job title, company\/organization, contact details (telephone number, e-mail address, address), website addresses, IP address, account names\/profiles in social media services. Data on companies and their contact persons, such as Business ID, names of contact persons, contact details and job titles. Other data related to the customer relationship and services ordered, such as data on information necessary for making investment decisions, past and existing agreements and other data related to investment activities.<\/p>\n<p>The IP addresses of the website\u2019s visitors and the cookies necessary for service functionality are processed based on legitimate interests, including the information security and collecting statistical information on website visitors inasmuch such data can be considered to constitute personal data. Separate consent is requested for third-party cookies where necessary.<\/p>\n\t\t\t\t\t\t\t\t<\/div>\n\t\t\t\t<\/div>\n\t\t\t\t<div class=\"elementor-element elementor-element-0e903b8 elementor-widget elementor-widget-heading\" data-id=\"0e903b8\" data-element_type=\"widget\" data-e-type=\"widget\" data-widget_type=\"heading.default\">\n\t\t\t\t<div class=\"elementor-widget-container\">\n\t\t\t\t\t<h3 class=\"elementor-heading-title elementor-size-default\">6. The regular information sources of the data file<\/h3>\t\t\t\t<\/div>\n\t\t\t\t<\/div>\n\t\t\t\t<div class=\"elementor-element elementor-element-a9cca69 elementor-widget elementor-widget-text-editor\" data-id=\"a9cca69\" data-element_type=\"widget\" data-e-type=\"widget\" data-widget_type=\"text-editor.default\">\n\t\t\t\t<div class=\"elementor-widget-container\">\n\t\t\t\t\t\t\t\t\t<p>The data stored in the data file is obtained from the customer in the form of completed funding applications and information entered in contact forms, by e-mail, by telephone, through websites and social media services used by the customer, agreements, customer meetings and other situations in which customers disclose their information. Information on companies and other organizations can also be collected from public sources, such as websites, directory services and other companies.<\/p>\n\t\t\t\t\t\t\t\t<\/div>\n\t\t\t\t<\/div>\n\t\t\t\t<div class=\"elementor-element elementor-element-c57386f elementor-widget elementor-widget-heading\" data-id=\"c57386f\" data-element_type=\"widget\" data-e-type=\"widget\" data-widget_type=\"heading.default\">\n\t\t\t\t<div class=\"elementor-widget-container\">\n\t\t\t\t\t<h3 class=\"elementor-heading-title elementor-size-default\">7. Regular disclosures of data and transmission of data outside the EU or EEA<\/h3>\t\t\t\t<\/div>\n\t\t\t\t<\/div>\n\t\t\t\t<div class=\"elementor-element elementor-element-32164d6 elementor-widget elementor-widget-text-editor\" data-id=\"32164d6\" data-element_type=\"widget\" data-e-type=\"widget\" data-widget_type=\"text-editor.default\">\n\t\t\t\t<div class=\"elementor-widget-container\">\n\t\t\t\t\t\t\t\t\t<p>Data is not regularly disclosed to third parties. Data may be published subject to the customer\u2019s separate consent. As a rule, Athensmed does not transmit or disclose customers\u2019 personal data outside the European Union or the European Economic Area. If necessary, the data can be transmitted by the controller outside the EU or EEA in the manner stipulated by the Personal Data Act.<\/p>\n\t\t\t\t\t\t\t\t<\/div>\n\t\t\t\t<\/div>\n\t\t\t\t<div class=\"elementor-element elementor-element-c80c3e0 elementor-widget elementor-widget-heading\" data-id=\"c80c3e0\" data-element_type=\"widget\" data-e-type=\"widget\" data-widget_type=\"heading.default\">\n\t\t\t\t<div class=\"elementor-widget-container\">\n\t\t\t\t\t<h3 class=\"elementor-heading-title elementor-size-default\">8. Storage period for personal data<\/h3>\t\t\t\t<\/div>\n\t\t\t\t<\/div>\n\t\t\t\t<div class=\"elementor-element elementor-element-99c0a8f elementor-widget elementor-widget-text-editor\" data-id=\"99c0a8f\" data-element_type=\"widget\" data-e-type=\"widget\" data-widget_type=\"text-editor.default\">\n\t\t\t\t<div class=\"elementor-widget-container\">\n\t\t\t\t\t\t\t\t\t<p>Personal data shall be stored for as long as they are necessary for maintaining the customer relationship, managing the website and social media and carrying out accounting activities. Data shall be deleted within five (5) years of the end of the customer relationship or the data no longer being necessary.<\/p>\n\t\t\t\t\t\t\t\t<\/div>\n\t\t\t\t<\/div>\n\t\t\t\t<div class=\"elementor-element elementor-element-13c586b elementor-widget elementor-widget-heading\" data-id=\"13c586b\" data-element_type=\"widget\" data-e-type=\"widget\" data-widget_type=\"heading.default\">\n\t\t\t\t<div class=\"elementor-widget-container\">\n\t\t\t\t\t<h3 class=\"elementor-heading-title elementor-size-default\">9. Access to, amendment of and removal of data<\/h3>\t\t\t\t<\/div>\n\t\t\t\t<\/div>\n\t\t\t\t<div class=\"elementor-element elementor-element-cbcb229 elementor-widget elementor-widget-text-editor\" data-id=\"cbcb229\" data-element_type=\"widget\" data-e-type=\"widget\" data-widget_type=\"text-editor.default\">\n\t\t\t\t<div class=\"elementor-widget-container\">\n\t\t\t\t\t\t\t\t\t<p>Data subjects shall have the right, as stipulated by the Personal Data Act, to access the data on them in the personal data file. When requested by a data subject, we shall make the necessary amendments to the personal data or remove incorrect or outdated data. To request access to and updating of personal data, data subjects shall contact the controller in writing.<\/p>\n<p>Data subjects have the right to request the removal of data on them from the data file (\u201cthe right to be forgotten\u201d). Data subjects also have the other rights stipulated by the EU\u2019s General Data Protection Regulation, including the restriction of the processing of personal data in certain circumstances. Such requests shall be submitted to the controller in writing.<\/p>\n<p>The controller may request the party submitting such a request to verify their identity if necessary. The controller shall respond to customers within the time period stipulated by the GDPR (as a rule, within one month).<\/p>\n\t\t\t\t\t\t\t\t<\/div>\n\t\t\t\t<\/div>\n\t\t\t\t<div class=\"elementor-element elementor-element-105ecec elementor-widget elementor-widget-heading\" data-id=\"105ecec\" data-element_type=\"widget\" data-e-type=\"widget\" data-widget_type=\"heading.default\">\n\t\t\t\t<div class=\"elementor-widget-container\">\n\t\t\t\t\t<h3 class=\"elementor-heading-title elementor-size-default\">10. Security of the data file<\/h3>\t\t\t\t<\/div>\n\t\t\t\t<\/div>\n\t\t\t\t<div class=\"elementor-element elementor-element-5b7a9a1 elementor-widget elementor-widget-text-editor\" data-id=\"5b7a9a1\" data-element_type=\"widget\" data-e-type=\"widget\" data-widget_type=\"text-editor.default\">\n\t\t\t\t<div class=\"elementor-widget-container\">\n\t\t\t\t\t\t\t\t\t<p>The processing of the data file shall be carried out with due care and data processed with the help of information systems shall be appropriately secured using solutions such as firewalls and technical means generally accepted in the field of information security. Data that is maintained manually is located in premises that cannot be accessed by unauthorized parties. The controller shall ensure that the stored data, access rights to servers and other information that is critical to the security of personal data is handled in strict confidence and only by those employees and parties whose job description includes it.<\/p>\n\t\t\t\t\t\t\t\t<\/div>\n\t\t\t\t<\/div>\n\t\t\t\t<div class=\"elementor-element elementor-element-a19af26 elementor-widget elementor-widget-heading\" data-id=\"a19af26\" data-element_type=\"widget\" data-e-type=\"widget\" data-widget_type=\"heading.default\">\n\t\t\t\t<div class=\"elementor-widget-container\">\n\t\t\t\t\t<h3 class=\"elementor-heading-title elementor-size-default\">11. Amendments to the data protection statement<\/h3>\t\t\t\t<\/div>\n\t\t\t\t<\/div>\n\t\t\t\t<div class=\"elementor-element elementor-element-cbaae4b elementor-widget elementor-widget-text-editor\" data-id=\"cbaae4b\" data-element_type=\"widget\" data-e-type=\"widget\" data-widget_type=\"text-editor.default\">\n\t\t\t\t<div class=\"elementor-widget-container\">\n\t\t\t\t\t\t\t\t\t<p>In the event that the controller will amend the data file description and data protection statement, such amendments shall be published in the data file description and data protection statement with the date of the amendment shown. In the event of significant amendments, we may also inform data subjects in other ways, such as by e-mail or by posting a notice about the matter on our website.<\/p>\n\t\t\t\t\t\t\t\t<\/div>\n\t\t\t\t<\/div>\n\t\t\t\t\t<\/div>\n\t\t<\/div>\n\t\t\t\t\t<\/div>\n\t\t<\/section>\n\t\t\t\t<\/div>\n\t\t","protected":false},"excerpt":{"rendered":"<p>Register and privacy statement This is Athensmed Oy\u2019s data file description and data protection statement in accordance with the EU\u2019s General Data Protection Regulation (GDPR). This statement was written on May 6, 2021. The most recent amendments were made on May 6, 2021. 1. Controller Athensmed Oy T\u00f6\u00f6l\u00f6nkatu 7 A 4, 00100 Helsinki Business ID [&hellip;]<\/p>\n","protected":false},"author":2,"featured_media":0,"parent":0,"menu_order":0,"comment_status":"closed","ping_status":"closed","template":"","meta":{"footnotes":""},"class_list":["post-6070","page","type-page","status-publish","hentry"],"yoast_head":"<!-- This site is optimized with the Yoast SEO plugin v27.3 - https:\/\/yoast.com\/product\/yoast-seo-wordpress\/ -->\n<title>Register and privacy statement - Athensmed<\/title>\n<meta name=\"robots\" content=\"noindex, follow\" \/>\n<meta property=\"og:locale\" content=\"en_US\" \/>\n<meta property=\"og:type\" content=\"article\" \/>\n<meta property=\"og:title\" content=\"Register and privacy statement - Athensmed\" \/>\n<meta property=\"og:description\" content=\"Register and privacy statement This is Athensmed Oy\u2019s data file description and data protection statement in accordance with the EU\u2019s General Data Protection Regulation (GDPR). This statement was written on May 6, 2021. The most recent amendments were made on May 6, 2021. 1. Controller Athensmed Oy T\u00f6\u00f6l\u00f6nkatu 7 A 4, 00100 Helsinki Business ID [&hellip;]\" \/>\n<meta property=\"og:url\" content=\"https:\/\/athensmed.fi\/en\/data-file-description-and-data-protection-statement\/\" \/>\n<meta property=\"og:site_name\" content=\"Athensmed\" \/>\n<meta property=\"article:modified_time\" content=\"2026-02-13T12:42:24+00:00\" \/>\n<meta name=\"twitter:card\" content=\"summary_large_image\" \/>\n<meta name=\"twitter:label1\" content=\"Est. reading time\" \/>\n\t<meta name=\"twitter:data1\" content=\"4 minutes\" \/>\n<script type=\"application\/ld+json\" class=\"yoast-schema-graph\">{\"@context\":\"https:\\\/\\\/schema.org\",\"@graph\":[{\"@type\":\"WebPage\",\"@id\":\"https:\\\/\\\/athensmed.fi\\\/en\\\/data-file-description-and-data-protection-statement\\\/\",\"url\":\"https:\\\/\\\/athensmed.fi\\\/en\\\/data-file-description-and-data-protection-statement\\\/\",\"name\":\"Register and privacy statement - Athensmed\",\"isPartOf\":{\"@id\":\"https:\\\/\\\/athensmed.fi\\\/en\\\/#website\"},\"datePublished\":\"2026-02-13T09:27:39+00:00\",\"dateModified\":\"2026-02-13T12:42:24+00:00\",\"breadcrumb\":{\"@id\":\"https:\\\/\\\/athensmed.fi\\\/en\\\/data-file-description-and-data-protection-statement\\\/#breadcrumb\"},\"inLanguage\":\"en-US\",\"potentialAction\":[{\"@type\":\"ReadAction\",\"target\":[\"https:\\\/\\\/athensmed.fi\\\/en\\\/data-file-description-and-data-protection-statement\\\/\"]}]},{\"@type\":\"BreadcrumbList\",\"@id\":\"https:\\\/\\\/athensmed.fi\\\/en\\\/data-file-description-and-data-protection-statement\\\/#breadcrumb\",\"itemListElement\":[{\"@type\":\"ListItem\",\"position\":1,\"name\":\"Home\",\"item\":\"https:\\\/\\\/athensmed.fi\\\/en\\\/\"},{\"@type\":\"ListItem\",\"position\":2,\"name\":\"Register and privacy statement\"}]},{\"@type\":\"WebSite\",\"@id\":\"https:\\\/\\\/athensmed.fi\\\/en\\\/#website\",\"url\":\"https:\\\/\\\/athensmed.fi\\\/en\\\/\",\"name\":\"Athensmed\",\"description\":\"Family Office based in Helsinki, Finland\",\"publisher\":{\"@id\":\"https:\\\/\\\/athensmed.fi\\\/en\\\/#organization\"},\"potentialAction\":[{\"@type\":\"SearchAction\",\"target\":{\"@type\":\"EntryPoint\",\"urlTemplate\":\"https:\\\/\\\/athensmed.fi\\\/en\\\/?s={search_term_string}\"},\"query-input\":{\"@type\":\"PropertyValueSpecification\",\"valueRequired\":true,\"valueName\":\"search_term_string\"}}],\"inLanguage\":\"en-US\"},{\"@type\":\"Organization\",\"@id\":\"https:\\\/\\\/athensmed.fi\\\/en\\\/#organization\",\"name\":\"Athensmed\",\"url\":\"https:\\\/\\\/athensmed.fi\\\/en\\\/\",\"logo\":{\"@type\":\"ImageObject\",\"inLanguage\":\"en-US\",\"@id\":\"https:\\\/\\\/athensmed.fi\\\/en\\\/#\\\/schema\\\/logo\\\/image\\\/\",\"url\":\"https:\\\/\\\/athensmed.fi\\\/wp-content\\\/uploads\\\/2021\\\/06\\\/600x64_Athensmed-logo-2C3039.png\",\"contentUrl\":\"https:\\\/\\\/athensmed.fi\\\/wp-content\\\/uploads\\\/2021\\\/06\\\/600x64_Athensmed-logo-2C3039.png\",\"width\":600,\"height\":64,\"caption\":\"Athensmed\"},\"image\":{\"@id\":\"https:\\\/\\\/athensmed.fi\\\/en\\\/#\\\/schema\\\/logo\\\/image\\\/\"}}]}<\/script>\n<!-- \/ Yoast SEO plugin. -->","yoast_head_json":{"title":"Register and privacy statement - Athensmed","robots":{"index":"noindex","follow":"follow"},"og_locale":"en_US","og_type":"article","og_title":"Register and privacy statement - Athensmed","og_description":"Register and privacy statement This is Athensmed Oy\u2019s data file description and data protection statement in accordance with the EU\u2019s General Data Protection Regulation (GDPR). This statement was written on May 6, 2021. The most recent amendments were made on May 6, 2021. 1. Controller Athensmed Oy T\u00f6\u00f6l\u00f6nkatu 7 A 4, 00100 Helsinki Business ID [&hellip;]","og_url":"https:\/\/athensmed.fi\/en\/data-file-description-and-data-protection-statement\/","og_site_name":"Athensmed","article_modified_time":"2026-02-13T12:42:24+00:00","twitter_card":"summary_large_image","twitter_misc":{"Est. reading time":"4 minutes"},"schema":{"@context":"https:\/\/schema.org","@graph":[{"@type":"WebPage","@id":"https:\/\/athensmed.fi\/en\/data-file-description-and-data-protection-statement\/","url":"https:\/\/athensmed.fi\/en\/data-file-description-and-data-protection-statement\/","name":"Register and privacy statement - Athensmed","isPartOf":{"@id":"https:\/\/athensmed.fi\/en\/#website"},"datePublished":"2026-02-13T09:27:39+00:00","dateModified":"2026-02-13T12:42:24+00:00","breadcrumb":{"@id":"https:\/\/athensmed.fi\/en\/data-file-description-and-data-protection-statement\/#breadcrumb"},"inLanguage":"en-US","potentialAction":[{"@type":"ReadAction","target":["https:\/\/athensmed.fi\/en\/data-file-description-and-data-protection-statement\/"]}]},{"@type":"BreadcrumbList","@id":"https:\/\/athensmed.fi\/en\/data-file-description-and-data-protection-statement\/#breadcrumb","itemListElement":[{"@type":"ListItem","position":1,"name":"Home","item":"https:\/\/athensmed.fi\/en\/"},{"@type":"ListItem","position":2,"name":"Register and privacy statement"}]},{"@type":"WebSite","@id":"https:\/\/athensmed.fi\/en\/#website","url":"https:\/\/athensmed.fi\/en\/","name":"Athensmed","description":"Family Office based in Helsinki, Finland","publisher":{"@id":"https:\/\/athensmed.fi\/en\/#organization"},"potentialAction":[{"@type":"SearchAction","target":{"@type":"EntryPoint","urlTemplate":"https:\/\/athensmed.fi\/en\/?s={search_term_string}"},"query-input":{"@type":"PropertyValueSpecification","valueRequired":true,"valueName":"search_term_string"}}],"inLanguage":"en-US"},{"@type":"Organization","@id":"https:\/\/athensmed.fi\/en\/#organization","name":"Athensmed","url":"https:\/\/athensmed.fi\/en\/","logo":{"@type":"ImageObject","inLanguage":"en-US","@id":"https:\/\/athensmed.fi\/en\/#\/schema\/logo\/image\/","url":"https:\/\/athensmed.fi\/wp-content\/uploads\/2021\/06\/600x64_Athensmed-logo-2C3039.png","contentUrl":"https:\/\/athensmed.fi\/wp-content\/uploads\/2021\/06\/600x64_Athensmed-logo-2C3039.png","width":600,"height":64,"caption":"Athensmed"},"image":{"@id":"https:\/\/athensmed.fi\/en\/#\/schema\/logo\/image\/"}}]}},"_links":{"self":[{"href":"https:\/\/athensmed.fi\/en\/wp-json\/wp\/v2\/pages\/6070","targetHints":{"allow":["GET"]}}],"collection":[{"href":"https:\/\/athensmed.fi\/en\/wp-json\/wp\/v2\/pages"}],"about":[{"href":"https:\/\/athensmed.fi\/en\/wp-json\/wp\/v2\/types\/page"}],"author":[{"embeddable":true,"href":"https:\/\/athensmed.fi\/en\/wp-json\/wp\/v2\/users\/2"}],"replies":[{"embeddable":true,"href":"https:\/\/athensmed.fi\/en\/wp-json\/wp\/v2\/comments?post=6070"}],"version-history":[{"count":6,"href":"https:\/\/athensmed.fi\/en\/wp-json\/wp\/v2\/pages\/6070\/revisions"}],"predecessor-version":[{"id":12461,"href":"https:\/\/athensmed.fi\/en\/wp-json\/wp\/v2\/pages\/6070\/revisions\/12461"}],"wp:attachment":[{"href":"https:\/\/athensmed.fi\/en\/wp-json\/wp\/v2\/media?parent=6070"}],"curies":[{"name":"wp","href":"https:\/\/api.w.org\/{rel}","templated":true}]}}