{"id":6060,"date":"2026-02-13T11:27:37","date_gmt":"2026-02-13T09:27:37","guid":{"rendered":"https:\/\/athensmed.fi\/apply-for-funding\/health-service-company\/"},"modified":"2026-02-13T11:27:37","modified_gmt":"2026-02-13T09:27:37","slug":"health-service-company","status":"publish","type":"page","link":"https:\/\/athensmed.fi\/en\/apply-for-funding\/health-service-company\/","title":{"rendered":"for a health service company"},"content":{"rendered":"\t\t<div data-elementor-type=\"wp-page\" data-elementor-id=\"6060\" class=\"elementor elementor-6060 elementor-836\" data-elementor-post-type=\"page\">\n\t\t\t\t\t\t<section class=\"elementor-section elementor-top-section elementor-element elementor-element-3c82d0e6 elementor-section-height-min-height elementor-section-boxed elementor-section-height-default elementor-section-items-middle\" data-id=\"3c82d0e6\" data-element_type=\"section\" data-e-type=\"section\">\n\t\t\t\t\t\t<div class=\"elementor-container elementor-column-gap-default\">\n\t\t\t\t\t<div class=\"elementor-column elementor-col-100 elementor-top-column elementor-element elementor-element-306b495e\" data-id=\"306b495e\" data-element_type=\"column\" data-e-type=\"column\">\n\t\t\t<div class=\"elementor-widget-wrap elementor-element-populated\">\n\t\t\t\t\t\t<div class=\"elementor-element elementor-element-11f8dcb9 elementor-widget elementor-widget-heading\" data-id=\"11f8dcb9\" data-element_type=\"widget\" data-e-type=\"widget\" data-widget_type=\"heading.default\">\n\t\t\t\t<div class=\"elementor-widget-container\">\n\t\t\t\t\t<h5 class=\"elementor-heading-title elementor-size-default\">Apply for funding<\/h5>\t\t\t\t<\/div>\n\t\t\t\t<\/div>\n\t\t\t\t<div class=\"elementor-element elementor-element-468de3a0 elementor-widget elementor-widget-heading\" data-id=\"468de3a0\" data-element_type=\"widget\" data-e-type=\"widget\" data-widget_type=\"heading.default\">\n\t\t\t\t<div class=\"elementor-widget-container\">\n\t\t\t\t\t<h1 class=\"elementor-heading-title elementor-size-default\">For health\u2011service companies<\/h1>\t\t\t\t<\/div>\n\t\t\t\t<\/div>\n\t\t\t\t<div class=\"elementor-element elementor-element-25923b31 elementor-widget__width-initial elementor-widget elementor-widget-text-editor\" data-id=\"25923b31\" data-element_type=\"widget\" data-e-type=\"widget\" data-widget_type=\"text-editor.default\">\n\t\t\t\t<div class=\"elementor-widget-container\">\n\t\t\t\t\t\t\t\t\t<p>We invest in impactful, growth-oriented healthcare service companies. Our broad experience in entrepreneurship and leadership within the sector helps us identify how and in which direction a company should be developed.<\/p>\t\t\t\t\t\t\t\t<\/div>\n\t\t\t\t<\/div>\n\t\t\t\t\t<\/div>\n\t\t<\/div>\n\t\t\t\t\t<\/div>\n\t\t<\/section>\n\t\t\t\t<section class=\"elementor-section elementor-top-section elementor-element elementor-element-347fd04 elementor-section-boxed elementor-section-height-default elementor-section-height-default\" data-id=\"347fd04\" data-element_type=\"section\" data-e-type=\"section\">\n\t\t\t\t\t\t<div class=\"elementor-container elementor-column-gap-default\">\n\t\t\t\t\t<div class=\"elementor-column elementor-col-100 elementor-top-column elementor-element elementor-element-2f552a9a\" data-id=\"2f552a9a\" data-element_type=\"column\" data-e-type=\"column\">\n\t\t\t<div class=\"elementor-widget-wrap elementor-element-populated\">\n\t\t\t\t\t\t<div class=\"elementor-element elementor-element-6f956263 elementor-widget elementor-widget-heading\" data-id=\"6f956263\" data-element_type=\"widget\" data-e-type=\"widget\" data-widget_type=\"heading.default\">\n\t\t\t\t<div class=\"elementor-widget-container\">\n\t\t\t\t\t<h2 class=\"elementor-heading-title elementor-size-default\">What kind of companies do we invest in?<\/h2>\t\t\t\t<\/div>\n\t\t\t\t<\/div>\n\t\t\t\t<section class=\"elementor-section elementor-inner-section elementor-element elementor-element-c6700fe elementor-section-boxed elementor-section-height-default elementor-section-height-default\" data-id=\"c6700fe\" data-element_type=\"section\" data-e-type=\"section\">\n\t\t\t\t\t\t<div class=\"elementor-container elementor-column-gap-default\">\n\t\t\t\t\t<div class=\"elementor-column elementor-col-50 elementor-inner-column elementor-element elementor-element-7408c857\" data-id=\"7408c857\" data-element_type=\"column\" data-e-type=\"column\">\n\t\t\t<div class=\"elementor-widget-wrap elementor-element-populated\">\n\t\t\t\t\t\t<div class=\"elementor-element elementor-element-1600651d elementor-widget elementor-widget-image\" data-id=\"1600651d\" data-element_type=\"widget\" data-e-type=\"widget\" data-widget_type=\"image.default\">\n\t\t\t\t<div class=\"elementor-widget-container\">\n\t\t\t\t\t\t\t\t\t\t\t\t\t\t\t<img fetchpriority=\"high\" decoding=\"async\" width=\"800\" height=\"800\" src=\"https:\/\/athensmed.fi\/wp-content\/uploads\/2026\/02\/ath_am_04_box-1024x1024.webp\" class=\"attachment-large size-large wp-image-12015\" alt=\"\" srcset=\"https:\/\/athensmed.fi\/wp-content\/uploads\/2026\/02\/ath_am_04_box-1024x1024.webp 1024w, https:\/\/athensmed.fi\/wp-content\/uploads\/2026\/02\/ath_am_04_box-300x300.webp 300w, https:\/\/athensmed.fi\/wp-content\/uploads\/2026\/02\/ath_am_04_box-150x150.webp 150w, https:\/\/athensmed.fi\/wp-content\/uploads\/2026\/02\/ath_am_04_box-768x768.webp 768w, https:\/\/athensmed.fi\/wp-content\/uploads\/2026\/02\/ath_am_04_box.webp 1200w\" sizes=\"(max-width: 800px) 100vw, 800px\" \/>\t\t\t\t\t\t\t\t\t\t\t\t\t\t\t<\/div>\n\t\t\t\t<\/div>\n\t\t\t\t\t<\/div>\n\t\t<\/div>\n\t\t\t\t<div class=\"elementor-column elementor-col-50 elementor-inner-column elementor-element elementor-element-3a079d3\" data-id=\"3a079d3\" data-element_type=\"column\" data-e-type=\"column\">\n\t\t\t<div class=\"elementor-widget-wrap elementor-element-populated\">\n\t\t\t\t\t\t<div class=\"elementor-element elementor-element-69e75982 elementor-widget elementor-widget-text-editor\" data-id=\"69e75982\" data-element_type=\"widget\" data-e-type=\"widget\" data-widget_type=\"text-editor.default\">\n\t\t\t\t<div class=\"elementor-widget-container\">\n\t\t\t\t\t\t\t\t\t<p>Athensmed\u2019s roots lie firmly in health services. Our founder Kustaa\u202fPiha, has built and grown several companies in the sector, among them Med\u202fGroup &#8211; a success story in Finnish private healthcare. He has also helped launch ventures such as Omael\u00e4inklinikka and the psychotherapy provider Komppi.<\/p><p>Athensmed acts as an active owner in healthcare service companies where accessibility, quality, and cost-efficiency can be improved. At present, we are developing Sofita, our social and healthcare subsidiary, through acquisitions, and building a new associated company, L\u00e4hil\u00e4\u00e4k\u00e4rit, which introduces a lean and genuinely accessible model for doctor services to the market.<\/p><p>We believe that when service delivery is reimagined and patient experience is placed at the centre, health\u2011service companies can be truly innovative.<\/p>\t\t\t\t\t\t\t\t<\/div>\n\t\t\t\t<\/div>\n\t\t\t\t\t<\/div>\n\t\t<\/div>\n\t\t\t\t\t<\/div>\n\t\t<\/section>\n\t\t\t\t\t<\/div>\n\t\t<\/div>\n\t\t\t\t\t<\/div>\n\t\t<\/section>\n\t\t\t\t<section class=\"elementor-section elementor-top-section elementor-element elementor-element-215ef7e5 elementor-section-boxed elementor-section-height-default elementor-section-height-default\" data-id=\"215ef7e5\" data-element_type=\"section\" data-e-type=\"section\" data-settings=\"{&quot;background_background&quot;:&quot;classic&quot;}\">\n\t\t\t\t\t\t\t<div class=\"elementor-background-overlay\"><\/div>\n\t\t\t\t\t\t\t<div class=\"elementor-container elementor-column-gap-default\">\n\t\t\t\t\t<div class=\"elementor-column elementor-col-100 elementor-top-column elementor-element elementor-element-1baa4044\" data-id=\"1baa4044\" data-element_type=\"column\" data-e-type=\"column\" data-settings=\"{&quot;background_background&quot;:&quot;classic&quot;}\">\n\t\t\t<div class=\"elementor-widget-wrap elementor-element-populated\">\n\t\t\t\t\t\t<section class=\"elementor-section elementor-inner-section elementor-element elementor-element-690c3911 elementor-section-height-min-height elementor-section-content-middle elementor-section-boxed elementor-section-height-default\" data-id=\"690c3911\" data-element_type=\"section\" data-e-type=\"section\">\n\t\t\t\t\t\t<div class=\"elementor-container elementor-column-gap-default\">\n\t\t\t\t\t<div class=\"elementor-column elementor-col-100 elementor-inner-column elementor-element elementor-element-1725a077\" data-id=\"1725a077\" data-element_type=\"column\" data-e-type=\"column\">\n\t\t\t<div class=\"elementor-widget-wrap elementor-element-populated\">\n\t\t\t\t\t\t<div class=\"elementor-element elementor-element-718b6de8 elementor-widget__width-initial elementor-widget elementor-widget-heading\" data-id=\"718b6de8\" data-element_type=\"widget\" data-e-type=\"widget\" data-widget_type=\"heading.default\">\n\t\t\t\t<div class=\"elementor-widget-container\">\n\t\t\t\t\t<h4 class=\"elementor-heading-title elementor-size-default\">Are we the right investor for your company?<\/h4>\t\t\t\t<\/div>\n\t\t\t\t<\/div>\n\t\t\t\t<div class=\"elementor-element elementor-element-52e547c5 elementor-align-center elementor-widget elementor-widget-button\" data-id=\"52e547c5\" data-element_type=\"widget\" data-e-type=\"widget\" data-widget_type=\"button.default\">\n\t\t\t\t<div class=\"elementor-widget-container\">\n\t\t\t\t\t\t\t\t\t<div class=\"elementor-button-wrapper\">\n\t\t\t\t\t<a class=\"elementor-button elementor-button-link elementor-size-sm\" href=\"https:\/\/athensmed.fi\/en\/?page_id=11695\">\n\t\t\t\t\t\t<span class=\"elementor-button-content-wrapper\">\n\t\t\t\t\t\t\t\t\t<span class=\"elementor-button-text\">Fill the funding application<\/span>\n\t\t\t\t\t<\/span>\n\t\t\t\t\t<\/a>\n\t\t\t\t<\/div>\n\t\t\t\t\t\t\t\t<\/div>\n\t\t\t\t<\/div>\n\t\t\t\t\t<\/div>\n\t\t<\/div>\n\t\t\t\t\t<\/div>\n\t\t<\/section>\n\t\t\t\t\t<\/div>\n\t\t<\/div>\n\t\t\t\t\t<\/div>\n\t\t<\/section>\n\t\t\t\t<section class=\"elementor-section elementor-top-section elementor-element elementor-element-d211bc0 elementor-section-boxed elementor-section-height-default elementor-section-height-default\" data-id=\"d211bc0\" data-element_type=\"section\" data-e-type=\"section\">\n\t\t\t\t\t\t<div class=\"elementor-container elementor-column-gap-default\">\n\t\t\t\t\t<div class=\"elementor-column elementor-col-100 elementor-top-column elementor-element elementor-element-36bf5011\" data-id=\"36bf5011\" data-element_type=\"column\" data-e-type=\"column\">\n\t\t\t<div class=\"elementor-widget-wrap elementor-element-populated\">\n\t\t\t\t\t\t<div class=\"elementor-element elementor-element-15056293 elementor-widget elementor-widget-heading\" data-id=\"15056293\" data-element_type=\"widget\" data-e-type=\"widget\" data-widget_type=\"heading.default\">\n\t\t\t\t<div class=\"elementor-widget-container\">\n\t\t\t\t\t<h2 class=\"elementor-heading-title elementor-size-default\">How can we support your company?<\/h2>\t\t\t\t<\/div>\n\t\t\t\t<\/div>\n\t\t\t\t<section class=\"elementor-section elementor-inner-section elementor-element elementor-element-176e9aeb elementor-section-boxed elementor-section-height-default elementor-section-height-default\" data-id=\"176e9aeb\" data-element_type=\"section\" data-e-type=\"section\">\n\t\t\t\t\t\t<div class=\"elementor-container elementor-column-gap-default\">\n\t\t\t\t\t<div class=\"elementor-column elementor-col-50 elementor-inner-column elementor-element elementor-element-5929bbae\" data-id=\"5929bbae\" data-element_type=\"column\" data-e-type=\"column\">\n\t\t\t<div class=\"elementor-widget-wrap elementor-element-populated\">\n\t\t\t\t\t\t<div class=\"elementor-element elementor-element-3fa5d15e elementor-widget elementor-widget-text-editor\" data-id=\"3fa5d15e\" data-element_type=\"widget\" data-e-type=\"widget\" data-widget_type=\"text-editor.default\">\n\t\t\t\t<div class=\"elementor-widget-container\">\n\t\t\t\t\t\t\t\t\t<p>Do you need a knowledgeable, committed investor who understands the sector inside\u2011out to help develop your health\u2011service offerings and scale your business? Our broad experience in entrepreneurship and leadership within the sector helps us identify how and in which direction a company should be developed.<\/p><p>In health\u2011service firms with rapid growth, challenges often include finding and retaining skilled senior talent, recruiting qualified staff can also be difficult in the current market. Fast growth also brings operational hurdles &#8211; as processes, IT systems and management practices must be upgraded to match the larger scale. By focusing on solving the right problems, we enable swift and profitable growth.<\/p><p>We have helped develop health\u2011service businesses, for example:<\/p><ol><li>through positions on the board, both as members and chairs<\/li><li>as a medical and healthcare expert, and<\/li><li>in a interim operational role<\/li><\/ol>\t\t\t\t\t\t\t\t<\/div>\n\t\t\t\t<\/div>\n\t\t\t\t\t<\/div>\n\t\t<\/div>\n\t\t\t\t<div class=\"elementor-column elementor-col-50 elementor-inner-column elementor-element elementor-element-4007a8d0\" data-id=\"4007a8d0\" data-element_type=\"column\" data-e-type=\"column\">\n\t\t\t<div class=\"elementor-widget-wrap elementor-element-populated\">\n\t\t\t\t\t\t<div class=\"elementor-element elementor-element-78ca11c0 elementor-widget elementor-widget-image\" data-id=\"78ca11c0\" data-element_type=\"widget\" data-e-type=\"widget\" data-widget_type=\"image.default\">\n\t\t\t\t<div class=\"elementor-widget-container\">\n\t\t\t\t\t\t\t\t\t\t\t\t\t\t\t<img decoding=\"async\" width=\"800\" height=\"800\" src=\"https:\/\/athensmed.fi\/wp-content\/uploads\/2026\/02\/ath_ht_01_box-1024x1024.webp\" class=\"attachment-large size-large wp-image-12271\" alt=\"\" srcset=\"https:\/\/athensmed.fi\/wp-content\/uploads\/2026\/02\/ath_ht_01_box-1024x1024.webp 1024w, https:\/\/athensmed.fi\/wp-content\/uploads\/2026\/02\/ath_ht_01_box-300x300.webp 300w, https:\/\/athensmed.fi\/wp-content\/uploads\/2026\/02\/ath_ht_01_box-150x150.webp 150w, https:\/\/athensmed.fi\/wp-content\/uploads\/2026\/02\/ath_ht_01_box-768x768.webp 768w, https:\/\/athensmed.fi\/wp-content\/uploads\/2026\/02\/ath_ht_01_box.webp 1200w\" sizes=\"(max-width: 800px) 100vw, 800px\" \/>\t\t\t\t\t\t\t\t\t\t\t\t\t\t\t<\/div>\n\t\t\t\t<\/div>\n\t\t\t\t\t<\/div>\n\t\t<\/div>\n\t\t\t\t\t<\/div>\n\t\t<\/section>\n\t\t\t\t\t<\/div>\n\t\t<\/div>\n\t\t\t\t\t<\/div>\n\t\t<\/section>\n\t\t\t\t<\/div>\n\t\t","protected":false},"excerpt":{"rendered":"<p>Apply for funding For health\u2011service companies We invest in impactful, growth-oriented healthcare service companies. Our broad experience in entrepreneurship and leadership within the sector helps us identify how and in which direction a company should be developed. What kind of companies do we invest in? Athensmed\u2019s roots lie firmly in health services. Our founder Kustaa\u202fPiha, [&hellip;]<\/p>\n","protected":false},"author":2,"featured_media":0,"parent":6058,"menu_order":0,"comment_status":"closed","ping_status":"closed","template":"","meta":{"footnotes":""},"class_list":["post-6060","page","type-page","status-publish","hentry"],"yoast_head":"<!-- This site is optimized with the Yoast SEO plugin v27.3 - https:\/\/yoast.com\/product\/yoast-seo-wordpress\/ -->\n<title>Apply for funding for a health service company - Athensmed<\/title>\n<meta name=\"description\" content=\"Are you looking for an insightful and committed investor to help you develop your company\u2019s healthcare services and grow your business? Apply for funding\" \/>\n<meta name=\"robots\" content=\"index, follow, max-snippet:-1, max-image-preview:large, max-video-preview:-1\" \/>\n<link rel=\"canonical\" href=\"https:\/\/athensmed.fi\/en\/apply-for-funding\/health-service-company\/\" \/>\n<meta property=\"og:locale\" content=\"en_US\" \/>\n<meta property=\"og:type\" content=\"article\" \/>\n<meta property=\"og:title\" content=\"Apply for funding for a health service company - Athensmed\" \/>\n<meta property=\"og:description\" content=\"Are you looking for an insightful and committed investor to help you develop your company\u2019s healthcare services and grow your business? Apply for funding\" \/>\n<meta property=\"og:url\" content=\"https:\/\/athensmed.fi\/en\/apply-for-funding\/health-service-company\/\" \/>\n<meta property=\"og:site_name\" content=\"Athensmed\" \/>\n<meta property=\"og:image\" content=\"https:\/\/athensmed.fi\/wp-content\/uploads\/2026\/02\/ath_am_04_box-1024x1024.webp\" \/>\n<meta name=\"twitter:card\" content=\"summary_large_image\" \/>\n<meta name=\"twitter:label1\" content=\"Est. reading time\" \/>\n\t<meta name=\"twitter:data1\" content=\"2 minutes\" \/>\n<script type=\"application\/ld+json\" class=\"yoast-schema-graph\">{\"@context\":\"https:\\\/\\\/schema.org\",\"@graph\":[{\"@type\":\"WebPage\",\"@id\":\"https:\\\/\\\/athensmed.fi\\\/en\\\/apply-for-funding\\\/health-service-company\\\/\",\"url\":\"https:\\\/\\\/athensmed.fi\\\/en\\\/apply-for-funding\\\/health-service-company\\\/\",\"name\":\"Apply for funding for a health service company - Athensmed\",\"isPartOf\":{\"@id\":\"https:\\\/\\\/athensmed.fi\\\/en\\\/#website\"},\"primaryImageOfPage\":{\"@id\":\"https:\\\/\\\/athensmed.fi\\\/en\\\/apply-for-funding\\\/health-service-company\\\/#primaryimage\"},\"image\":{\"@id\":\"https:\\\/\\\/athensmed.fi\\\/en\\\/apply-for-funding\\\/health-service-company\\\/#primaryimage\"},\"thumbnailUrl\":\"https:\\\/\\\/athensmed.fi\\\/wp-content\\\/uploads\\\/2026\\\/02\\\/ath_am_04_box-1024x1024.webp\",\"datePublished\":\"2026-02-13T09:27:37+00:00\",\"description\":\"Are you looking for an insightful and committed investor to help you develop your company\u2019s healthcare services and grow your business? Apply for funding\",\"breadcrumb\":{\"@id\":\"https:\\\/\\\/athensmed.fi\\\/en\\\/apply-for-funding\\\/health-service-company\\\/#breadcrumb\"},\"inLanguage\":\"en-US\",\"potentialAction\":[{\"@type\":\"ReadAction\",\"target\":[\"https:\\\/\\\/athensmed.fi\\\/en\\\/apply-for-funding\\\/health-service-company\\\/\"]}]},{\"@type\":\"ImageObject\",\"inLanguage\":\"en-US\",\"@id\":\"https:\\\/\\\/athensmed.fi\\\/en\\\/apply-for-funding\\\/health-service-company\\\/#primaryimage\",\"url\":\"https:\\\/\\\/athensmed.fi\\\/wp-content\\\/uploads\\\/2026\\\/02\\\/ath_am_04_box-1024x1024.webp\",\"contentUrl\":\"https:\\\/\\\/athensmed.fi\\\/wp-content\\\/uploads\\\/2026\\\/02\\\/ath_am_04_box-1024x1024.webp\"},{\"@type\":\"BreadcrumbList\",\"@id\":\"https:\\\/\\\/athensmed.fi\\\/en\\\/apply-for-funding\\\/health-service-company\\\/#breadcrumb\",\"itemListElement\":[{\"@type\":\"ListItem\",\"position\":1,\"name\":\"Home\",\"item\":\"https:\\\/\\\/athensmed.fi\\\/en\\\/\"},{\"@type\":\"ListItem\",\"position\":2,\"name\":\"Apply for funding\",\"item\":\"https:\\\/\\\/athensmed.fi\\\/en\\\/?page_id=6058\"},{\"@type\":\"ListItem\",\"position\":3,\"name\":\"for a health service company\"}]},{\"@type\":\"WebSite\",\"@id\":\"https:\\\/\\\/athensmed.fi\\\/en\\\/#website\",\"url\":\"https:\\\/\\\/athensmed.fi\\\/en\\\/\",\"name\":\"Athensmed\",\"description\":\"Family Office based in Helsinki, Finland\",\"publisher\":{\"@id\":\"https:\\\/\\\/athensmed.fi\\\/en\\\/#organization\"},\"potentialAction\":[{\"@type\":\"SearchAction\",\"target\":{\"@type\":\"EntryPoint\",\"urlTemplate\":\"https:\\\/\\\/athensmed.fi\\\/en\\\/?s={search_term_string}\"},\"query-input\":{\"@type\":\"PropertyValueSpecification\",\"valueRequired\":true,\"valueName\":\"search_term_string\"}}],\"inLanguage\":\"en-US\"},{\"@type\":\"Organization\",\"@id\":\"https:\\\/\\\/athensmed.fi\\\/en\\\/#organization\",\"name\":\"Athensmed\",\"url\":\"https:\\\/\\\/athensmed.fi\\\/en\\\/\",\"logo\":{\"@type\":\"ImageObject\",\"inLanguage\":\"en-US\",\"@id\":\"https:\\\/\\\/athensmed.fi\\\/en\\\/#\\\/schema\\\/logo\\\/image\\\/\",\"url\":\"https:\\\/\\\/athensmed.fi\\\/wp-content\\\/uploads\\\/2021\\\/06\\\/600x64_Athensmed-logo-2C3039.png\",\"contentUrl\":\"https:\\\/\\\/athensmed.fi\\\/wp-content\\\/uploads\\\/2021\\\/06\\\/600x64_Athensmed-logo-2C3039.png\",\"width\":600,\"height\":64,\"caption\":\"Athensmed\"},\"image\":{\"@id\":\"https:\\\/\\\/athensmed.fi\\\/en\\\/#\\\/schema\\\/logo\\\/image\\\/\"}}]}<\/script>\n<!-- \/ Yoast SEO plugin. -->","yoast_head_json":{"title":"Apply for funding for a health service company - Athensmed","description":"Are you looking for an insightful and committed investor to help you develop your company\u2019s healthcare services and grow your business? Apply for funding","robots":{"index":"index","follow":"follow","max-snippet":"max-snippet:-1","max-image-preview":"max-image-preview:large","max-video-preview":"max-video-preview:-1"},"canonical":"https:\/\/athensmed.fi\/en\/apply-for-funding\/health-service-company\/","og_locale":"en_US","og_type":"article","og_title":"Apply for funding for a health service company - Athensmed","og_description":"Are you looking for an insightful and committed investor to help you develop your company\u2019s healthcare services and grow your business? Apply for funding","og_url":"https:\/\/athensmed.fi\/en\/apply-for-funding\/health-service-company\/","og_site_name":"Athensmed","og_image":[{"url":"https:\/\/athensmed.fi\/wp-content\/uploads\/2026\/02\/ath_am_04_box-1024x1024.webp","type":"","width":"","height":""}],"twitter_card":"summary_large_image","twitter_misc":{"Est. reading time":"2 minutes"},"schema":{"@context":"https:\/\/schema.org","@graph":[{"@type":"WebPage","@id":"https:\/\/athensmed.fi\/en\/apply-for-funding\/health-service-company\/","url":"https:\/\/athensmed.fi\/en\/apply-for-funding\/health-service-company\/","name":"Apply for funding for a health service company - Athensmed","isPartOf":{"@id":"https:\/\/athensmed.fi\/en\/#website"},"primaryImageOfPage":{"@id":"https:\/\/athensmed.fi\/en\/apply-for-funding\/health-service-company\/#primaryimage"},"image":{"@id":"https:\/\/athensmed.fi\/en\/apply-for-funding\/health-service-company\/#primaryimage"},"thumbnailUrl":"https:\/\/athensmed.fi\/wp-content\/uploads\/2026\/02\/ath_am_04_box-1024x1024.webp","datePublished":"2026-02-13T09:27:37+00:00","description":"Are you looking for an insightful and committed investor to help you develop your company\u2019s healthcare services and grow your business? Apply for funding","breadcrumb":{"@id":"https:\/\/athensmed.fi\/en\/apply-for-funding\/health-service-company\/#breadcrumb"},"inLanguage":"en-US","potentialAction":[{"@type":"ReadAction","target":["https:\/\/athensmed.fi\/en\/apply-for-funding\/health-service-company\/"]}]},{"@type":"ImageObject","inLanguage":"en-US","@id":"https:\/\/athensmed.fi\/en\/apply-for-funding\/health-service-company\/#primaryimage","url":"https:\/\/athensmed.fi\/wp-content\/uploads\/2026\/02\/ath_am_04_box-1024x1024.webp","contentUrl":"https:\/\/athensmed.fi\/wp-content\/uploads\/2026\/02\/ath_am_04_box-1024x1024.webp"},{"@type":"BreadcrumbList","@id":"https:\/\/athensmed.fi\/en\/apply-for-funding\/health-service-company\/#breadcrumb","itemListElement":[{"@type":"ListItem","position":1,"name":"Home","item":"https:\/\/athensmed.fi\/en\/"},{"@type":"ListItem","position":2,"name":"Apply for funding","item":"https:\/\/athensmed.fi\/en\/?page_id=6058"},{"@type":"ListItem","position":3,"name":"for a health service company"}]},{"@type":"WebSite","@id":"https:\/\/athensmed.fi\/en\/#website","url":"https:\/\/athensmed.fi\/en\/","name":"Athensmed","description":"Family Office based in Helsinki, Finland","publisher":{"@id":"https:\/\/athensmed.fi\/en\/#organization"},"potentialAction":[{"@type":"SearchAction","target":{"@type":"EntryPoint","urlTemplate":"https:\/\/athensmed.fi\/en\/?s={search_term_string}"},"query-input":{"@type":"PropertyValueSpecification","valueRequired":true,"valueName":"search_term_string"}}],"inLanguage":"en-US"},{"@type":"Organization","@id":"https:\/\/athensmed.fi\/en\/#organization","name":"Athensmed","url":"https:\/\/athensmed.fi\/en\/","logo":{"@type":"ImageObject","inLanguage":"en-US","@id":"https:\/\/athensmed.fi\/en\/#\/schema\/logo\/image\/","url":"https:\/\/athensmed.fi\/wp-content\/uploads\/2021\/06\/600x64_Athensmed-logo-2C3039.png","contentUrl":"https:\/\/athensmed.fi\/wp-content\/uploads\/2021\/06\/600x64_Athensmed-logo-2C3039.png","width":600,"height":64,"caption":"Athensmed"},"image":{"@id":"https:\/\/athensmed.fi\/en\/#\/schema\/logo\/image\/"}}]}},"_links":{"self":[{"href":"https:\/\/athensmed.fi\/en\/wp-json\/wp\/v2\/pages\/6060","targetHints":{"allow":["GET"]}}],"collection":[{"href":"https:\/\/athensmed.fi\/en\/wp-json\/wp\/v2\/pages"}],"about":[{"href":"https:\/\/athensmed.fi\/en\/wp-json\/wp\/v2\/types\/page"}],"author":[{"embeddable":true,"href":"https:\/\/athensmed.fi\/en\/wp-json\/wp\/v2\/users\/2"}],"replies":[{"embeddable":true,"href":"https:\/\/athensmed.fi\/en\/wp-json\/wp\/v2\/comments?post=6060"}],"version-history":[{"count":20,"href":"https:\/\/athensmed.fi\/en\/wp-json\/wp\/v2\/pages\/6060\/revisions"}],"predecessor-version":[{"id":12399,"href":"https:\/\/athensmed.fi\/en\/wp-json\/wp\/v2\/pages\/6060\/revisions\/12399"}],"up":[{"embeddable":true,"href":"https:\/\/athensmed.fi\/en\/wp-json\/wp\/v2\/pages\/6058"}],"wp:attachment":[{"href":"https:\/\/athensmed.fi\/en\/wp-json\/wp\/v2\/media?parent=6060"}],"curies":[{"name":"wp","href":"https:\/\/api.w.org\/{rel}","templated":true}]}}